{"id":2539,"date":"2022-04-26T10:39:28","date_gmt":"2022-04-26T17:39:28","guid":{"rendered":"https:\/\/ksdy50.com\/preguntas-frecuentes\/"},"modified":"2022-06-12T15:34:36","modified_gmt":"2022-06-12T22:34:36","slug":"preguntas-frecuentes","status":"publish","type":"page","link":"https:\/\/ksdy50.com\/es\/preguntas-frecuentes\/","title":{"rendered":"Preguntas Frecuentes"},"content":{"rendered":"<p>[vc_row][vc_column][vc_column_text]A continuaci\u00f3n puede encontrar las preguntas m\u00e1s frecuentes, si no respondemos a sus preguntas, dir\u00edjase a nuestra <a href=\"https:\/\/ksdy50.com\/es\/contactanos\/\" target=\"_blank\" rel=\"noopener\">secci\u00f3n de contacto.<\/a>[\/vc_column_text][\/vc_column][\/vc_row][vc_row][vc_column][vc_toggle title=\u00bb\u00bfC\u00f3mo puedo contactar a KSDY 50?\u00bb]Puede ponerse en contacto con nosotros a trav\u00e9s de una llamada telef\u00f3nica, correo electr\u00f3nico o WhatsApp<\/p>\n<ul>\n<li>Ll\u00e1menos a <a href=\"tel:6194210426\" target=\"_blank\" rel=\"noopener\">(619) 421-0426. <\/a><\/li>\n<li>Env\u00edenos correo a <a href=\"mailto:info@ksdy50.com\" target=\"_blank\" rel=\"noopener\">info@ksdy50.com<\/a><\/li>\n<li>WhatsApp: <a href=\"https:\/\/api.whatsapp.com\/send?phone=16193463778\">(619) 346-3778<\/a><\/li>\n<\/ul>\n<p>[\/vc_toggle][vc_toggle title=\u00bb\u00bfCu\u00e1les son las redes sociales oficiales de KSDY 50?\u00bb]Las redes sociales oficiales de KSDY 50 son: <a href=\"https:\/\/www.facebook.com\/KSDY50\" target=\"_blank\" rel=\"noopener\">Facebook<\/a>, <a href=\"https:\/\/twitter.com\/ksdy50\" target=\"_blank\" rel=\"noopener\">Twitter<\/a>, <a href=\"https:\/\/www.instagram.com\/ksdy50tv\/\" target=\"_blank\" rel=\"noopener\">Instagram<\/a> y\u00a0<a href=\"https:\/\/www.youtube.com\/ksdy50\" target=\"_blank\" rel=\"noopener\">Youtube.<\/a>[\/vc_toggle][vc_toggle title=\u00bb\u00bfC\u00f3mo puedo anunciar mi negocio en KSDY 50?\u00bb]Para una cotizaci\u00f3n personalizada, no dude en llamarnos al\u00a0<a href=\"tel:6194210426\" target=\"_blank\" rel=\"noopener\">(619) 421 0426<\/a>\u00a0o env\u00ede un correo electr\u00f3nico a Gaby Reyes a\u00a0<a href=\"mailto:gaby.reyes@ksdy50.com\" target=\"_blank\" rel=\"noopener\">gaby.reyes@ksdy50.com<\/a>\u00a0o a Alma Gomez a\u00a0<a href=\"mailto:alma.gomez@ksdy50.com\" target=\"_blank\" rel=\"noopener\">alma.gomez@ksdy50.com<\/a><\/p>\n<p>[\/vc_toggle][vc_toggle title=\u00bb\u00bfD\u00f3nde puedo ver la programaci\u00f3n de KSDY 50?\u00bb]La transmisi\u00f3n televisiva de KSDY llega a las audiencias de toda la regi\u00f3n fronteriza de San Diego y Baja California por Canal 50.1 Nuestra Visi\u00f3n, 50.2 Defy, 50.3 True Real, 50.4 Canal de la Fe, 50.5 The Grio, 50.6 S\u00edntesis TV.<\/p>\n<p>Tambi\u00e9n puede ver nuestro contenido en l\u00ednea en <a href=\"http:\/\/www.ksdy50.com\/live\" target=\"_blank\" rel=\"noopener\">www.ksdy50.com<\/a><\/p>\n<p>Transmita nuestro contenido en su tel\u00e9fono m\u00f3vil descargando la aplicaci\u00f3n KSDY en <a href=\"https:\/\/play.google.com\/store\/apps\/details?id=com.megastream.ksdy50sandiego\" target=\"_blank\" rel=\"noopener\">Android<\/a>, <a href=\"https:\/\/apps.apple.com\/kh\/app\/ksdy50\/id1566543429#?platform=iphone\" target=\"_blank\" rel=\"noopener\">iOS<\/a>, <a href=\"https:\/\/apps.apple.com\/kh\/app\/ksdy50\/id1566543429#?platform=appleTV\" target=\"_blank\" rel=\"noopener\">Apple TV<\/a>, <a href=\"https:\/\/www.lightcast.com\/apps\/featured-firetv\/2880\/ksdy50\/\" target=\"_blank\" rel=\"noopener\">Fire TV<\/a>, <a href=\"https:\/\/channelstore.roku.com\/es-mx\/details\/a8b898084d336c5662296b2deabb94eb\/ksdy50-san-diego\" target=\"_blank\" rel=\"noopener\">ROKU<\/a>, AirPlay y Chromecast.[\/vc_toggle][vc_toggle title=\u00bb \u00bfQu\u00e9 tipo de contenido puedo encontrar en KSDY 50?\u00bb]Actualmente tenemos 4 programas:<\/p>\n<ul>\n<li><strong>KSDY Noticias:<\/strong> Todas las noticias relevantes de la regi\u00f3n San Diego, Baja California y el mundo con Fernando Mart\u00ednez.<\/li>\n<li><strong>Salud Californias:<\/strong> Informaci\u00f3n para cuidar tu salud y bienestar con Gaby Reyes.<\/li>\n<li><strong>Plato Fuerte:<\/strong> Las mejores experiencias culinarias en San Diego y Tijuana con Gaby Reyes.<\/li>\n<li><strong>KSDY Kidz:<\/strong> Las hermanas Mila y Madelen comparten lo que est\u00e1 de moda en la comunidad desde la perspectiva de un ni\u00f1o.<\/li>\n<\/ul>\n<p>[\/vc_toggle][vc_toggle title=\u00bb \u00bfC\u00f3mo puedo descargar la aplicaci\u00f3n KSDY 50?\u00bb]KSDY 50 tiene presencia en diferentes plataformas, puedes descargar nuestras aplicaciones aqu\u00ed:<\/p>\n<ul>\n<li><a href=\"https:\/\/apps.apple.com\/kh\/app\/ksdy50\/id1566543429#?platform=iphone\" target=\"_blank\" rel=\"noopener\">iOS<\/a><\/li>\n<li><a href=\"https:\/\/play.google.com\/store\/apps\/details?id=com.megastream.ksdy50sandiego\" target=\"_blank\" rel=\"noopener\">Android<\/a><\/li>\n<li><a href=\"https:\/\/www.lightcast.com\/apps\/featured-firetv\/2880\/ksdy50\/\" target=\"_blank\" rel=\"noopener\">Fire TV<\/a><\/li>\n<li><a href=\"https:\/\/channelstore.roku.com\/es-mx\/details\/a8b898084d336c5662296b2deabb94eb\/ksdy50-san-diego\" target=\"_blank\" rel=\"noopener\">ROKU<\/a><\/li>\n<li><a href=\"https:\/\/apps.apple.com\/kh\/app\/ksdy50\/id1566543429#?platform=appleTV\" target=\"_blank\" rel=\"noopener\">Apple TV<\/a><\/li>\n<li>AirPlay<\/li>\n<li>Chromecast<\/li>\n<\/ul>\n<p>[\/vc_toggle][vc_toggle title=\u00bb\u00bfD\u00f3nde puedo contactarlos si gan\u00e9 en un sorteo?\u00bb]Puede enviarnos un mensaje directo a trav\u00e9s de Facebook o Instagram o llamar a nuestra oficina al <a href=\"tel:6194210426\">(619) 421-0426<\/a> o enviar un correo a <a href=\"mailto:promotions@ksdy50.com\" target=\"_blank\" rel=\"noopener\">promotions@ksdy50.com<\/a>.<\/p>\n<p>[\/vc_toggle][vc_toggle title=\u00bb\u00bfQu\u00e9 debo llevar para recoger mi premio?\u00bb]Para reclamar su premio, traiga una tarjeta de identificaci\u00f3n v\u00e1lida, como: identificaci\u00f3n de California, licencia de conducir o pasaporte.[\/vc_toggle][vc_toggle title=\u00bb\u00bfCu\u00e1ntos d\u00edas tengo para reclamar mi premio?\u00bb]Los participantes ganadores tienen 30 d\u00edas despu\u00e9s de que anunciemos a los ganadores para recoger su premio o antes del evento relacionado con el sorteo.<\/p>\n<p>Los ganadores recoger\u00e1n su premio en nuestras oficinas de <a href=\"https:\/\/goo.gl\/maps\/fsmn1m9sbzyDiDEHA\" target=\"_blank\" rel=\"noopener\">901 Lane Avenue, Ste. 200 Chula Vista, CA 91914<\/a> a menos que se diga lo contrario.<\/p>\n<p>Si tiene alguna pregunta, env\u00ede un correo electr\u00f3nico a <a href=\"mailto:promotions@ksdy50.com\" target=\"_blank\" rel=\"noopener\">promotions@ksdy50.com<\/a>[\/vc_toggle][vc_toggle title=\u00bb\u00bfAlguien m\u00e1s puede recoger mi premio?\u00bb]S\u00ed, en caso de que no pueda recoger su premio en persona, puede pedirle a otra persona que recoja su premio en su nombre, proporcione el nombre completo de la otra persona y p\u00eddale que muestre una tarjeta de identificaci\u00f3n v\u00e1lida.[\/vc_toggle][\/vc_column][\/vc_row]<\/p>\n","protected":false},"excerpt":{"rendered":"<p>[vc_row][vc_column][vc_column_text]A continuaci\u00f3n puede encontrar las preguntas m\u00e1s frecuentes, si no respondemos a sus preguntas, dir\u00edjase a nuestra secci\u00f3n de contacto.[\/vc_column_text][\/vc_column][\/vc_row][vc_row][vc_column][vc_toggle title=\u00bb\u00bfC\u00f3mo puedo contactar a KSDY 50?\u00bb]Puede ponerse en contacto con nosotros a trav\u00e9s de una llamada telef\u00f3nica, correo electr\u00f3nico o WhatsApp Ll\u00e1menos a (619) 421-0426. Env\u00edenos correo a info@ksdy50.com WhatsApp: (619) 346-3778 [\/vc_toggle][vc_toggle title=\u00bb\u00bfCu\u00e1les son [&hellip;]<\/p>\n","protected":false},"author":1,"featured_media":0,"parent":0,"menu_order":0,"comment_status":"closed","ping_status":"closed","template":"","meta":{"_monsterinsights_skip_tracking":false,"_monsterinsights_sitenote_active":false,"_monsterinsights_sitenote_note":"","_monsterinsights_sitenote_category":0,"footnotes":""},"class_list":["post-2539","page","type-page","status-publish","hentry"],"yoast_head":"<!-- This site is optimized with the Yoast SEO plugin v25.0 - https:\/\/yoast.com\/wordpress\/plugins\/seo\/ -->\n<title>Preguntas Frecuentes - KSDY Canal 50 San Diego<\/title>\n<meta name=\"description\" content=\"Consulte nuestras Preguntas Frecuentes, si no respondemos sus preguntas, no dude en contactarnos.\" \/>\n<meta name=\"robots\" content=\"index, follow, max-snippet:-1, max-image-preview:large, max-video-preview:-1\" \/>\n<link rel=\"canonical\" href=\"https:\/\/ksdy50.com\/frequently-asked-questions\/\" \/>\n<meta property=\"og:locale\" content=\"es_ES\" \/>\n<meta property=\"og:type\" content=\"article\" \/>\n<meta property=\"og:title\" content=\"Preguntas Frecuentes - KSDY Canal 50 San Diego\" \/>\n<meta property=\"og:description\" content=\"Consulte nuestras Preguntas Frecuentes, si no respondemos sus preguntas, no dude en contactarnos.\" \/>\n<meta property=\"og:url\" content=\"https:\/\/ksdy50.com\/frequently-asked-questions\/\" \/>\n<meta property=\"og:site_name\" content=\"KSDY Canal 50 San Diego\" \/>\n<meta property=\"article:publisher\" content=\"https:\/\/www.facebook.com\/KSDY50TV\" \/>\n<meta property=\"article:modified_time\" content=\"2022-06-12T22:34:36+00:00\" \/>\n<meta property=\"og:image\" content=\"https:\/\/ksdy50.com\/wp-content\/uploads\/2024\/11\/ICON-KSDY-2025-OFFICIAL.png\" \/>\n\t<meta property=\"og:image:width\" content=\"4500\" \/>\n\t<meta property=\"og:image:height\" content=\"4500\" \/>\n\t<meta property=\"og:image:type\" content=\"image\/png\" \/>\n<meta name=\"twitter:card\" content=\"summary_large_image\" \/>\n<meta name=\"twitter:site\" content=\"@ksdy50tv\" \/>\n<meta name=\"twitter:label1\" content=\"Tiempo de lectura\" \/>\n\t<meta name=\"twitter:data1\" content=\"3 minutos\" \/>\n<script type=\"application\/ld+json\" class=\"yoast-schema-graph\">{\"@context\":\"https:\/\/schema.org\",\"@graph\":[{\"@type\":\"WebPage\",\"@id\":\"https:\/\/ksdy50.com\/frequently-asked-questions\/\",\"url\":\"https:\/\/ksdy50.com\/frequently-asked-questions\/\",\"name\":\"Preguntas Frecuentes - KSDY Canal 50 San Diego\",\"isPartOf\":{\"@id\":\"https:\/\/ksdy50.com\/#website\"},\"datePublished\":\"2022-04-26T17:39:28+00:00\",\"dateModified\":\"2022-06-12T22:34:36+00:00\",\"description\":\"Consulte nuestras Preguntas Frecuentes, si no respondemos sus preguntas, no dude en contactarnos.\",\"breadcrumb\":{\"@id\":\"https:\/\/ksdy50.com\/frequently-asked-questions\/#breadcrumb\"},\"inLanguage\":\"es\",\"potentialAction\":[{\"@type\":\"ReadAction\",\"target\":[\"https:\/\/ksdy50.com\/frequently-asked-questions\/\"]}]},{\"@type\":\"BreadcrumbList\",\"@id\":\"https:\/\/ksdy50.com\/frequently-asked-questions\/#breadcrumb\",\"itemListElement\":[{\"@type\":\"ListItem\",\"position\":1,\"name\":\"Home\",\"item\":\"https:\/\/ksdy50.com\/es\/\"},{\"@type\":\"ListItem\",\"position\":2,\"name\":\"Preguntas Frecuentes\"}]},{\"@type\":\"WebSite\",\"@id\":\"https:\/\/ksdy50.com\/#website\",\"url\":\"https:\/\/ksdy50.com\/\",\"name\":\"KSDY Canal 50 San Diego\",\"description\":\"Medio de Comunicaci\u00f3n Binacional\",\"publisher\":{\"@id\":\"https:\/\/ksdy50.com\/#organization\"},\"potentialAction\":[{\"@type\":\"SearchAction\",\"target\":{\"@type\":\"EntryPoint\",\"urlTemplate\":\"https:\/\/ksdy50.com\/?s={search_term_string}\"},\"query-input\":{\"@type\":\"PropertyValueSpecification\",\"valueRequired\":true,\"valueName\":\"search_term_string\"}}],\"inLanguage\":\"es\"},{\"@type\":\"Organization\",\"@id\":\"https:\/\/ksdy50.com\/#organization\",\"name\":\"KSDY Canal 50 San Diego\",\"url\":\"https:\/\/ksdy50.com\/\",\"logo\":{\"@type\":\"ImageObject\",\"inLanguage\":\"es\",\"@id\":\"https:\/\/ksdy50.com\/#\/schema\/logo\/image\/\",\"url\":\"https:\/\/ksdy50.com\/wp-content\/uploads\/2024\/11\/ICON-KSDY-2025-OFFICIAL.png\",\"contentUrl\":\"https:\/\/ksdy50.com\/wp-content\/uploads\/2024\/11\/ICON-KSDY-2025-OFFICIAL.png\",\"width\":4500,\"height\":4500,\"caption\":\"KSDY Canal 50 San Diego\"},\"image\":{\"@id\":\"https:\/\/ksdy50.com\/#\/schema\/logo\/image\/\"},\"sameAs\":[\"https:\/\/www.facebook.com\/KSDY50TV\",\"https:\/\/x.com\/ksdy50tv\",\"https:\/\/www.instagram.com\/ksdy50tv\/\",\"https:\/\/www.youtube.com\/ksdy50\"]}]}<\/script>\n<!-- \/ Yoast SEO plugin. -->","yoast_head_json":{"title":"Preguntas Frecuentes - KSDY Canal 50 San Diego","description":"Consulte nuestras Preguntas Frecuentes, si no respondemos sus preguntas, no dude en contactarnos.","robots":{"index":"index","follow":"follow","max-snippet":"max-snippet:-1","max-image-preview":"max-image-preview:large","max-video-preview":"max-video-preview:-1"},"canonical":"https:\/\/ksdy50.com\/frequently-asked-questions\/","og_locale":"es_ES","og_type":"article","og_title":"Preguntas Frecuentes - KSDY Canal 50 San Diego","og_description":"Consulte nuestras Preguntas Frecuentes, si no respondemos sus preguntas, no dude en contactarnos.","og_url":"https:\/\/ksdy50.com\/frequently-asked-questions\/","og_site_name":"KSDY Canal 50 San Diego","article_publisher":"https:\/\/www.facebook.com\/KSDY50TV","article_modified_time":"2022-06-12T22:34:36+00:00","og_image":[{"width":4500,"height":4500,"url":"https:\/\/ksdy50.com\/wp-content\/uploads\/2024\/11\/ICON-KSDY-2025-OFFICIAL.png","type":"image\/png"}],"twitter_card":"summary_large_image","twitter_site":"@ksdy50tv","twitter_misc":{"Tiempo de lectura":"3 minutos"},"schema":{"@context":"https:\/\/schema.org","@graph":[{"@type":"WebPage","@id":"https:\/\/ksdy50.com\/frequently-asked-questions\/","url":"https:\/\/ksdy50.com\/frequently-asked-questions\/","name":"Preguntas Frecuentes - KSDY Canal 50 San Diego","isPartOf":{"@id":"https:\/\/ksdy50.com\/#website"},"datePublished":"2022-04-26T17:39:28+00:00","dateModified":"2022-06-12T22:34:36+00:00","description":"Consulte nuestras Preguntas Frecuentes, si no respondemos sus preguntas, no dude en contactarnos.","breadcrumb":{"@id":"https:\/\/ksdy50.com\/frequently-asked-questions\/#breadcrumb"},"inLanguage":"es","potentialAction":[{"@type":"ReadAction","target":["https:\/\/ksdy50.com\/frequently-asked-questions\/"]}]},{"@type":"BreadcrumbList","@id":"https:\/\/ksdy50.com\/frequently-asked-questions\/#breadcrumb","itemListElement":[{"@type":"ListItem","position":1,"name":"Home","item":"https:\/\/ksdy50.com\/es\/"},{"@type":"ListItem","position":2,"name":"Preguntas Frecuentes"}]},{"@type":"WebSite","@id":"https:\/\/ksdy50.com\/#website","url":"https:\/\/ksdy50.com\/","name":"KSDY Canal 50 San Diego","description":"Medio de Comunicaci\u00f3n Binacional","publisher":{"@id":"https:\/\/ksdy50.com\/#organization"},"potentialAction":[{"@type":"SearchAction","target":{"@type":"EntryPoint","urlTemplate":"https:\/\/ksdy50.com\/?s={search_term_string}"},"query-input":{"@type":"PropertyValueSpecification","valueRequired":true,"valueName":"search_term_string"}}],"inLanguage":"es"},{"@type":"Organization","@id":"https:\/\/ksdy50.com\/#organization","name":"KSDY Canal 50 San Diego","url":"https:\/\/ksdy50.com\/","logo":{"@type":"ImageObject","inLanguage":"es","@id":"https:\/\/ksdy50.com\/#\/schema\/logo\/image\/","url":"https:\/\/ksdy50.com\/wp-content\/uploads\/2024\/11\/ICON-KSDY-2025-OFFICIAL.png","contentUrl":"https:\/\/ksdy50.com\/wp-content\/uploads\/2024\/11\/ICON-KSDY-2025-OFFICIAL.png","width":4500,"height":4500,"caption":"KSDY Canal 50 San Diego"},"image":{"@id":"https:\/\/ksdy50.com\/#\/schema\/logo\/image\/"},"sameAs":["https:\/\/www.facebook.com\/KSDY50TV","https:\/\/x.com\/ksdy50tv","https:\/\/www.instagram.com\/ksdy50tv\/","https:\/\/www.youtube.com\/ksdy50"]}]}},"_links":{"self":[{"href":"https:\/\/ksdy50.com\/es\/wp-json\/wp\/v2\/pages\/2539","targetHints":{"allow":["GET"]}}],"collection":[{"href":"https:\/\/ksdy50.com\/es\/wp-json\/wp\/v2\/pages"}],"about":[{"href":"https:\/\/ksdy50.com\/es\/wp-json\/wp\/v2\/types\/page"}],"author":[{"embeddable":true,"href":"https:\/\/ksdy50.com\/es\/wp-json\/wp\/v2\/users\/1"}],"replies":[{"embeddable":true,"href":"https:\/\/ksdy50.com\/es\/wp-json\/wp\/v2\/comments?post=2539"}],"version-history":[{"count":3,"href":"https:\/\/ksdy50.com\/es\/wp-json\/wp\/v2\/pages\/2539\/revisions"}],"predecessor-version":[{"id":2542,"href":"https:\/\/ksdy50.com\/es\/wp-json\/wp\/v2\/pages\/2539\/revisions\/2542"}],"wp:attachment":[{"href":"https:\/\/ksdy50.com\/es\/wp-json\/wp\/v2\/media?parent=2539"}],"curies":[{"name":"wp","href":"https:\/\/api.w.org\/{rel}","templated":true}]}}